{"id":935,"date":"2021-09-23T22:06:18","date_gmt":"2021-09-23T20:06:18","guid":{"rendered":"https:\/\/thedecentral.com\/haftungsausschluss\/"},"modified":"2021-11-03T18:15:04","modified_gmt":"2021-11-03T17:15:04","slug":"haftungsausschluss","status":"publish","type":"page","link":"https:\/\/thedecentral.com\/de\/haftungsausschluss\/","title":{"rendered":"Haftungsausschluss"},"content":{"rendered":"\n\n\n<div class=\"wp-container-69f2f889bad41 wp-block-group cmplz-extension\"><div class=\"wp-block-group__inner-container\">\n<p>S\u00e4mtliche\u00a0Inhalte auf der Webseite dienen\u00a0der Bildung und Unterhaltung.\u00a0Die Darstellungen, Meinungen, Vorschl\u00e4ge und Schlussfolgerungen sind genereller Natur und ber\u00fccksichtigen nicht die individuellen Bed\u00fcrfnisse des Anlegers\u00a0hinsichtlich Ertrag, steuerliche Situation, Risikobereitschaft oder Geeignetheit der Finanzprodukte. Sie ersetzen weder eine anleger- und objektgerechte Beratung, noch eine umfassende Risikoaufkl\u00e4rung.<\/p>\n\n\n\n<p>Die dargestellten Wertentwicklungen und Beispielrechnungen lassen keine verl\u00e4sslichen R\u00fcckschl\u00fcsse auf die k\u00fcnftige Entwicklung zu. Hinweise auf die fr\u00fchere Performance garantieren nicht positive Entwicklungen in der Zukunft.&nbsp;Das Anlegen von Geld in den Kapitalmarkt ist eine hochriskante Angelegenheit und kann zum Totalverlust vom eingesetzten&nbsp;Geld f\u00fchren.<\/p>\n\n\n\n<p>Die Informationen auf der Webseite stellen weder eine Anlageberatung oder -empfehlung dar, noch ein Angebot, eine Empfehlung oder Einladung zur Angebotsstellung zum Kauf oder Verkauf der genannten Finanzprodukte und -instrumente bzw. deren Einbeziehung in eine Trading-Strategie.\u00a0Daher \u00fcbernehmen wir keine Haftung f\u00fcr Anlageentscheidungen, die jemand\u00a0auf Grundlage dieser Webseite zur Verf\u00fcgung gestellten Information trifft.<\/p>\n<\/div><\/div>\n","protected":false},"excerpt":{"rendered":"<p>S\u00e4mtliche\u00a0Inhalte auf der Webseite dienen\u00a0der Bildung und Unterhaltung.\u00a0Die Darstellungen, Meinungen, Vorschl\u00e4ge und Schlussfolgerungen sind genereller Natur und ber\u00fccksichtigen nicht die individuellen Bed\u00fcrfnisse des Anlegers\u00a0hinsichtlich Ertrag, steuerliche Situation, Risikobereitschaft oder Geeignetheit der Finanzprodukte. Sie ersetzen weder eine anleger- und objektgerechte Beratung, noch eine umfassende Risikoaufkl\u00e4rung. Die dargestellten Wertentwicklungen und Beispielrechnungen lassen keine verl\u00e4sslichen R\u00fcckschl\u00fcsse auf die k\u00fcnftige Entwicklung zu. Hinweise auf die fr\u00fchere Performance garantieren nicht positive Entwicklungen in der Zukunft.&nbsp;Das Anlegen von Geld in den Kapitalmarkt ist eine hochriskante Angelegenheit und kann zum Totalverlust vom eingesetzten&nbsp;Geld f\u00fchren. Die Informationen auf der Webseite stellen weder eine Anlageberatung oder -empfehlung dar, noch ein Angebot, eine Empfehlung oder Einladung zur Angebotsstellung zum Kauf oder Verkauf der genannten Finanzprodukte und -instrumente bzw. deren Einbeziehung in eine Trading-Strategie.\u00a0Daher \u00fcbernehmen wir keine Haftung f\u00fcr Anlageentscheidungen, die jemand\u00a0auf Grundlage dieser Webseite zur Verf\u00fcgung gestellten Information trifft.<\/p>\n","protected":false},"author":1,"featured_media":0,"parent":0,"menu_order":0,"comment_status":"closed","ping_status":"closed","template":"","meta":[],"yoast_head":"<!-- This site is optimized with the Yoast SEO Premium plugin v18.1 (Yoast SEO v18.2) - https:\/\/yoast.com\/wordpress\/plugins\/seo\/ -->\n<title>Haftungsausschluss &bull; The Decentral<\/title>\n<meta name=\"description\" content=\"Lese \u00fcber meine Erfahrungen im Bereich Finanzen, Kryptow\u00e4hrungen, Trading und Passives Einkommen und erhalte wichtige Tipps, welche du selber anwenden kannst.\" \/>\n<meta name=\"robots\" content=\"noindex, nofollow\" \/>\n<meta property=\"og:locale\" content=\"de_DE\" \/>\n<meta property=\"og:type\" content=\"article\" \/>\n<meta property=\"og:title\" content=\"Haftungsausschluss\" \/>\n<meta property=\"og:description\" content=\"Lese \u00fcber meine Erfahrungen im Bereich Finanzen, Kryptow\u00e4hrungen, Trading und Passives Einkommen und erhalte wichtige Tipps, welche du selber anwenden kannst.\" \/>\n<meta property=\"og:url\" content=\"https:\/\/thedecentral.com\/de\/haftungsausschluss\/\" \/>\n<meta property=\"og:site_name\" content=\"The Decentral\" \/>\n<meta property=\"article:modified_time\" content=\"2021-11-03T17:15:04+00:00\" \/>\n<meta property=\"og:image\" content=\"https:\/\/thedecentral.com\/app\/uploads\/2022\/01\/logo-thedecentral-some.png\" \/>\n\t<meta property=\"og:image:width\" content=\"1200\" \/>\n\t<meta property=\"og:image:height\" content=\"630\" \/>\n\t<meta property=\"og:image:type\" content=\"image\/png\" \/>\n<meta name=\"twitter:card\" content=\"summary_large_image\" \/>\n<meta name=\"twitter:label1\" content=\"Est. reading time\" \/>\n\t<meta name=\"twitter:data1\" content=\"1 Minute\" \/>\n<script type=\"application\/ld+json\" class=\"yoast-schema-graph\">{\"@context\":\"https:\/\/schema.org\",\"@graph\":[{\"@type\":[\"Person\",\"Organization\"],\"@id\":\"https:\/\/thedecentral.com\/#\/schema\/person\/f74772b1c44b4cf8ee02c9a17bd0aa49\",\"name\":\"Benjamin\",\"image\":{\"@type\":\"ImageObject\",\"@id\":\"https:\/\/thedecentral.com\/#personlogo\",\"inLanguage\":\"de-DE\",\"url\":\"https:\/\/secure.gravatar.com\/avatar\/e5387457476d7f2104b659fc095e826e?s=96&d=mm&r=g\",\"contentUrl\":\"https:\/\/secure.gravatar.com\/avatar\/e5387457476d7f2104b659fc095e826e?s=96&d=mm&r=g\",\"caption\":\"Benjamin\"},\"logo\":{\"@id\":\"https:\/\/thedecentral.com\/#personlogo\"},\"sameAs\":[\"https:\/\/thedecentral.com\/wp\"]},{\"@type\":\"WebSite\",\"@id\":\"https:\/\/thedecentral.com\/#website\",\"url\":\"https:\/\/thedecentral.com\/\",\"name\":\"The Decentral\",\"description\":\"Decentralize Your Finance\",\"publisher\":{\"@id\":\"https:\/\/thedecentral.com\/#\/schema\/person\/f74772b1c44b4cf8ee02c9a17bd0aa49\"},\"potentialAction\":[{\"@type\":\"SearchAction\",\"target\":{\"@type\":\"EntryPoint\",\"urlTemplate\":\"https:\/\/thedecentral.com\/?s={search_term_string}\"},\"query-input\":\"required name=search_term_string\"}],\"inLanguage\":\"de-DE\"},{\"@type\":\"WebPage\",\"@id\":\"https:\/\/thedecentral.com\/de\/haftungsausschluss\/#webpage\",\"url\":\"https:\/\/thedecentral.com\/de\/haftungsausschluss\/\",\"name\":\"Haftungsausschluss &bull; The Decentral\",\"isPartOf\":{\"@id\":\"https:\/\/thedecentral.com\/#website\"},\"datePublished\":\"2021-09-23T20:06:18+00:00\",\"dateModified\":\"2021-11-03T17:15:04+00:00\",\"description\":\"Lese \u00fcber meine Erfahrungen im Bereich Finanzen, Kryptow\u00e4hrungen, Trading und Passives Einkommen und erhalte wichtige Tipps, welche du selber anwenden kannst.\",\"breadcrumb\":{\"@id\":\"https:\/\/thedecentral.com\/de\/haftungsausschluss\/#breadcrumb\"},\"inLanguage\":\"de-DE\",\"potentialAction\":[{\"@type\":\"ReadAction\",\"target\":[\"https:\/\/thedecentral.com\/de\/haftungsausschluss\/\"]}]},{\"@type\":\"BreadcrumbList\",\"@id\":\"https:\/\/thedecentral.com\/de\/haftungsausschluss\/#breadcrumb\",\"itemListElement\":[{\"@type\":\"ListItem\",\"position\":1,\"name\":\"Startseite\",\"item\":\"https:\/\/thedecentral.com\/de\/\"},{\"@type\":\"ListItem\",\"position\":2,\"name\":\"Haftungsausschluss\"}]}]}<\/script>\n<!-- \/ Yoast SEO Premium plugin. -->","yoast_head_json":{"title":"Haftungsausschluss &bull; The Decentral","description":"Lese \u00fcber meine Erfahrungen im Bereich Finanzen, Kryptow\u00e4hrungen, Trading und Passives Einkommen und erhalte wichtige Tipps, welche du selber anwenden kannst.","robots":{"index":"noindex","follow":"nofollow"},"og_locale":"de_DE","og_type":"article","og_title":"Haftungsausschluss","og_description":"Lese \u00fcber meine Erfahrungen im Bereich Finanzen, Kryptow\u00e4hrungen, Trading und Passives Einkommen und erhalte wichtige Tipps, welche du selber anwenden kannst.","og_url":"https:\/\/thedecentral.com\/de\/haftungsausschluss\/","og_site_name":"The Decentral","article_modified_time":"2021-11-03T17:15:04+00:00","og_image":[{"width":1200,"height":630,"url":"https:\/\/thedecentral.com\/app\/uploads\/2022\/01\/logo-thedecentral-some.png","type":"image\/png"}],"twitter_card":"summary_large_image","twitter_misc":{"Est. reading time":"1 Minute"},"schema":{"@context":"https:\/\/schema.org","@graph":[{"@type":["Person","Organization"],"@id":"https:\/\/thedecentral.com\/#\/schema\/person\/f74772b1c44b4cf8ee02c9a17bd0aa49","name":"Benjamin","image":{"@type":"ImageObject","@id":"https:\/\/thedecentral.com\/#personlogo","inLanguage":"de-DE","url":"https:\/\/secure.gravatar.com\/avatar\/e5387457476d7f2104b659fc095e826e?s=96&d=mm&r=g","contentUrl":"https:\/\/secure.gravatar.com\/avatar\/e5387457476d7f2104b659fc095e826e?s=96&d=mm&r=g","caption":"Benjamin"},"logo":{"@id":"https:\/\/thedecentral.com\/#personlogo"},"sameAs":["https:\/\/thedecentral.com\/wp"]},{"@type":"WebSite","@id":"https:\/\/thedecentral.com\/#website","url":"https:\/\/thedecentral.com\/","name":"The Decentral","description":"Decentralize Your Finance","publisher":{"@id":"https:\/\/thedecentral.com\/#\/schema\/person\/f74772b1c44b4cf8ee02c9a17bd0aa49"},"potentialAction":[{"@type":"SearchAction","target":{"@type":"EntryPoint","urlTemplate":"https:\/\/thedecentral.com\/?s={search_term_string}"},"query-input":"required name=search_term_string"}],"inLanguage":"de-DE"},{"@type":"WebPage","@id":"https:\/\/thedecentral.com\/de\/haftungsausschluss\/#webpage","url":"https:\/\/thedecentral.com\/de\/haftungsausschluss\/","name":"Haftungsausschluss &bull; The Decentral","isPartOf":{"@id":"https:\/\/thedecentral.com\/#website"},"datePublished":"2021-09-23T20:06:18+00:00","dateModified":"2021-11-03T17:15:04+00:00","description":"Lese \u00fcber meine Erfahrungen im Bereich Finanzen, Kryptow\u00e4hrungen, Trading und Passives Einkommen und erhalte wichtige Tipps, welche du selber anwenden kannst.","breadcrumb":{"@id":"https:\/\/thedecentral.com\/de\/haftungsausschluss\/#breadcrumb"},"inLanguage":"de-DE","potentialAction":[{"@type":"ReadAction","target":["https:\/\/thedecentral.com\/de\/haftungsausschluss\/"]}]},{"@type":"BreadcrumbList","@id":"https:\/\/thedecentral.com\/de\/haftungsausschluss\/#breadcrumb","itemListElement":[{"@type":"ListItem","position":1,"name":"Startseite","item":"https:\/\/thedecentral.com\/de\/"},{"@type":"ListItem","position":2,"name":"Haftungsausschluss"}]}]}},"_links":{"self":[{"href":"https:\/\/thedecentral.com\/de\/wp-json\/wp\/v2\/pages\/935"}],"collection":[{"href":"https:\/\/thedecentral.com\/de\/wp-json\/wp\/v2\/pages"}],"about":[{"href":"https:\/\/thedecentral.com\/de\/wp-json\/wp\/v2\/types\/page"}],"author":[{"embeddable":true,"href":"https:\/\/thedecentral.com\/de\/wp-json\/wp\/v2\/users\/1"}],"replies":[{"embeddable":true,"href":"https:\/\/thedecentral.com\/de\/wp-json\/wp\/v2\/comments?post=935"}],"version-history":[{"count":0,"href":"https:\/\/thedecentral.com\/de\/wp-json\/wp\/v2\/pages\/935\/revisions"}],"wp:attachment":[{"href":"https:\/\/thedecentral.com\/de\/wp-json\/wp\/v2\/media?parent=935"}],"curies":[{"name":"wp","href":"https:\/\/api.w.org\/{rel}","templated":true}]}}